{"id":33,"date":"2023-07-28T16:37:45","date_gmt":"2023-07-28T16:37:45","guid":{"rendered":"http:\/\/www.puolalanommel.fi\/?page_id=33"},"modified":"2025-12-02T19:31:56","modified_gmt":"2025-12-02T19:31:56","slug":"home","status":"publish","type":"page","link":"https:\/\/www.puolalanommel.fi\/","title":{"rendered":"Home"},"content":{"rendered":"\t\t<div data-elementor-type=\"wp-page\" data-elementor-id=\"33\" class=\"elementor elementor-33\">\n\t\t\t\t\t\t<section class=\"elementor-section elementor-top-section elementor-element elementor-element-5d21ff31 elementor-section-full_width elementor-section-height-default elementor-section-height-default\" data-id=\"5d21ff31\" data-element_type=\"section\" data-e-type=\"section\">\n\t\t\t\t\t\t<div class=\"elementor-container elementor-column-gap-default\">\n\t\t\t\t\t<div class=\"elementor-column elementor-col-50 elementor-top-column elementor-element elementor-element-69691499\" data-id=\"69691499\" data-element_type=\"column\" data-e-type=\"column\">\n\t\t\t<div class=\"elementor-widget-wrap elementor-element-populated\">\n\t\t\t\t\t\t<div class=\"elementor-element elementor-element-46850e1d elementor-widget elementor-widget-heading\" data-id=\"46850e1d\" data-element_type=\"widget\" data-e-type=\"widget\" data-widget_type=\"heading.default\">\n\t\t\t\t<div class=\"elementor-widget-container\">\n\t\t\t\t\t<h2 class=\"elementor-heading-title elementor-size-default\">Puolalan Ommel <\/h2>\t\t\t\t<\/div>\n\t\t\t\t<\/div>\n\t\t\t\t<div class=\"elementor-element elementor-element-aff03ee elementor-widget-divider--view-line elementor-widget elementor-widget-divider\" data-id=\"aff03ee\" data-element_type=\"widget\" data-e-type=\"widget\" data-widget_type=\"divider.default\">\n\t\t\t\t<div class=\"elementor-widget-container\">\n\t\t\t\t\t\t\t<div class=\"elementor-divider\">\n\t\t\t<span class=\"elementor-divider-separator\">\n\t\t\t\t\t\t<\/span>\n\t\t<\/div>\n\t\t\t\t\t\t<\/div>\n\t\t\t\t<\/div>\n\t\t\t\t<div class=\"elementor-element elementor-element-6bd1946b elementor-widget__width-initial elementor-widget elementor-widget-text-editor\" data-id=\"6bd1946b\" data-element_type=\"widget\" data-e-type=\"widget\" data-widget_type=\"text-editor.default\">\n\t\t\t\t<div class=\"elementor-widget-container\">\n\t\t\t\t\t\t\t\t\t<p><strong>Korjausompelua, mittatilausasuja ja kunniamerkkipalvelua Turun keskustassa.<\/strong><\/p><p><strong>Osoite: Eerikinkatu 9b C 20100 Turku <\/strong><\/p><p><strong>( Ilmarinhovi, valopihan torinpuoleinen k\u00e4yt\u00e4v\u00e4. K\u00e4ynti Eerikinkadun kautta ). <\/strong><br \/><strong><strong><br \/>Avoinna ark. ti-pe klo 9-17 <\/strong><\/strong><\/p><p><strong><strong>la klo 10-14<del datetime=\"2025-08-09T15:39:30+00:00\"><\/del><del datetime=\"2025-06-29T14:25:35+00:00\"><\/del><del datetime=\"2025-06-29T14:25:35+00:00\"><\/del><del datetime=\"2025-06-29T14:25:35+00:00\"><\/del><\/strong><\/strong><\/p><h5><strong style=\"color: inherit; font-family: inherit; font-size: 1.25rem; font-style: var( --e-global-typography-text-font-style ); letter-spacing: 0px; background-color: var( --e-global-color-c696dce );\">Puh. 044 240 41 46<\/strong><\/h5><p><strong>info@puolalanommel.fi<\/strong><\/p>\t\t\t\t\t\t\t\t<\/div>\n\t\t\t\t<\/div>\n\t\t\t\t<div class=\"elementor-element elementor-element-2c4ae57 elementor-widget__width-initial elementor-widget-divider--view-line elementor-widget elementor-widget-divider\" data-id=\"2c4ae57\" data-element_type=\"widget\" data-e-type=\"widget\" data-widget_type=\"divider.default\">\n\t\t\t\t<div class=\"elementor-widget-container\">\n\t\t\t\t\t\t\t<div class=\"elementor-divider\">\n\t\t\t<span class=\"elementor-divider-separator\">\n\t\t\t\t\t\t<\/span>\n\t\t<\/div>\n\t\t\t\t\t\t<\/div>\n\t\t\t\t<\/div>\n\t\t\t\t<div class=\"elementor-element elementor-element-47fccbb e-grid-align-left elementor-shape-rounded elementor-grid-0 elementor-widget elementor-widget-social-icons\" data-id=\"47fccbb\" data-element_type=\"widget\" data-e-type=\"widget\" data-widget_type=\"social-icons.default\">\n\t\t\t\t<div class=\"elementor-widget-container\">\n\t\t\t\t\t\t\t<div class=\"elementor-social-icons-wrapper elementor-grid\" role=\"list\">\n\t\t\t\t\t\t\t<span class=\"elementor-grid-item\" role=\"listitem\">\n\t\t\t\t\t<a class=\"elementor-icon elementor-social-icon elementor-social-icon-facebook elementor-animation-pulse elementor-repeater-item-39b08f7\" href=\"https:\/\/www.facebook.com\/PuolalanOmmel\" target=\"_blank\">\n\t\t\t\t\t\t<span class=\"elementor-screen-only\">Facebook<\/span>\n\t\t\t\t\t\t<svg aria-hidden=\"true\" class=\"e-font-icon-svg e-fab-facebook\" viewBox=\"0 0 512 512\" xmlns=\"http:\/\/www.w3.org\/2000\/svg\"><path d=\"M504 256C504 119 393 8 256 8S8 119 8 256c0 123.78 90.69 226.38 209.25 245V327.69h-63V256h63v-54.64c0-62.15 37-96.48 93.67-96.48 27.14 0 55.52 4.84 55.52 4.84v61h-31.28c-30.8 0-40.41 19.12-40.41 38.73V256h68.78l-11 71.69h-57.78V501C413.31 482.38 504 379.78 504 256z\"><\/path><\/svg>\t\t\t\t\t<\/a>\n\t\t\t\t<\/span>\n\t\t\t\t\t\t\t<span class=\"elementor-grid-item\" role=\"listitem\">\n\t\t\t\t\t<a class=\"elementor-icon elementor-social-icon elementor-social-icon-instagram elementor-animation-pulse elementor-repeater-item-bae8513\" href=\"https:\/\/www.instagram.com\/puolalanommel\/\" target=\"_blank\">\n\t\t\t\t\t\t<span class=\"elementor-screen-only\">Instagram<\/span>\n\t\t\t\t\t\t<svg aria-hidden=\"true\" class=\"e-font-icon-svg e-fab-instagram\" viewBox=\"0 0 448 512\" xmlns=\"http:\/\/www.w3.org\/2000\/svg\"><path d=\"M224.1 141c-63.6 0-114.9 51.3-114.9 114.9s51.3 114.9 114.9 114.9S339 319.5 339 255.9 287.7 141 224.1 141zm0 189.6c-41.1 0-74.7-33.5-74.7-74.7s33.5-74.7 74.7-74.7 74.7 33.5 74.7 74.7-33.6 74.7-74.7 74.7zm146.4-194.3c0 14.9-12 26.8-26.8 26.8-14.9 0-26.8-12-26.8-26.8s12-26.8 26.8-26.8 26.8 12 26.8 26.8zm76.1 27.2c-1.7-35.9-9.9-67.7-36.2-93.9-26.2-26.2-58-34.4-93.9-36.2-37-2.1-147.9-2.1-184.9 0-35.8 1.7-67.6 9.9-93.9 36.1s-34.4 58-36.2 93.9c-2.1 37-2.1 147.9 0 184.9 1.7 35.9 9.9 67.7 36.2 93.9s58 34.4 93.9 36.2c37 2.1 147.9 2.1 184.9 0 35.9-1.7 67.7-9.9 93.9-36.2 26.2-26.2 34.4-58 36.2-93.9 2.1-37 2.1-147.8 0-184.8zM398.8 388c-7.8 19.6-22.9 34.7-42.6 42.6-29.5 11.7-99.5 9-132.1 9s-102.7 2.6-132.1-9c-19.6-7.8-34.7-22.9-42.6-42.6-11.7-29.5-9-99.5-9-132.1s-2.6-102.7 9-132.1c7.8-19.6 22.9-34.7 42.6-42.6 29.5-11.7 99.5-9 132.1-9s102.7-2.6 132.1 9c19.6 7.8 34.7 22.9 42.6 42.6 11.7 29.5 9 99.5 9 132.1s2.7 102.7-9 132.1z\"><\/path><\/svg>\t\t\t\t\t<\/a>\n\t\t\t\t<\/span>\n\t\t\t\t\t<\/div>\n\t\t\t\t\t\t<\/div>\n\t\t\t\t<\/div>\n\t\t\t\t<div class=\"elementor-element elementor-element-18400bc2 elementor-align-left elementor-invisible elementor-widget elementor-widget-button\" data-id=\"18400bc2\" data-element_type=\"widget\" data-e-type=\"widget\" data-settings=\"{&quot;_animation&quot;:&quot;fadeInDown&quot;}\" data-widget_type=\"button.default\">\n\t\t\t\t<div class=\"elementor-widget-container\">\n\t\t\t\t\t\t\t\t\t<div class=\"elementor-button-wrapper\">\n\t\t\t\t\t<a class=\"elementor-button elementor-button-link elementor-size-md elementor-animation-pulse-grow\" href=\"https:\/\/www.puolalanommel.fi\/?page_id=8\">\n\t\t\t\t\t\t<span class=\"elementor-button-content-wrapper\">\n\t\t\t\t\t\t\t\t\t<span class=\"elementor-button-text\">OTA YHTEYTT\u00c4<\/span>\n\t\t\t\t\t<\/span>\n\t\t\t\t\t<\/a>\n\t\t\t\t<\/div>\n\t\t\t\t\t\t\t\t<\/div>\n\t\t\t\t<\/div>\n\t\t\t\t\t<\/div>\n\t\t<\/div>\n\t\t\t\t<div class=\"elementor-column elementor-col-50 elementor-top-column elementor-element elementor-element-10147666\" data-id=\"10147666\" data-element_type=\"column\" data-e-type=\"column\">\n\t\t\t<div class=\"elementor-widget-wrap elementor-element-populated\">\n\t\t\t\t\t\t<div class=\"elementor-element elementor-element-2baa2a7 elementor-widget__width-initial elementor-widget elementor-widget-image\" data-id=\"2baa2a7\" data-element_type=\"widget\" data-e-type=\"widget\" data-widget_type=\"image.default\">\n\t\t\t\t<div class=\"elementor-widget-container\">\n\t\t\t\t\t\t\t\t\t\t\t\t\t\t\t<img fetchpriority=\"high\" decoding=\"async\" width=\"768\" height=\"960\" src=\"https:\/\/www.puolalanommel.fi\/wp-content\/uploads\/2023\/07\/345423232_568950312090333_5926097472675010470_n-768x960.jpg\" class=\"attachment-medium_large size-medium_large wp-image-96\" alt=\"\" srcset=\"https:\/\/www.puolalanommel.fi\/wp-content\/uploads\/2023\/07\/345423232_568950312090333_5926097472675010470_n-768x960.jpg 768w, https:\/\/www.puolalanommel.fi\/wp-content\/uploads\/2023\/07\/345423232_568950312090333_5926097472675010470_n-240x300.jpg 240w, https:\/\/www.puolalanommel.fi\/wp-content\/uploads\/2023\/07\/345423232_568950312090333_5926097472675010470_n-819x1024.jpg 819w, https:\/\/www.puolalanommel.fi\/wp-content\/uploads\/2023\/07\/345423232_568950312090333_5926097472675010470_n-1229x1536.jpg 1229w, https:\/\/www.puolalanommel.fi\/wp-content\/uploads\/2023\/07\/345423232_568950312090333_5926097472675010470_n.jpg 1440w\" sizes=\"(max-width: 768px) 100vw, 768px\" \/>\t\t\t\t\t\t\t\t\t\t\t\t\t\t\t<\/div>\n\t\t\t\t<\/div>\n\t\t\t\t\t<\/div>\n\t\t<\/div>\n\t\t\t\t\t<\/div>\n\t\t<\/section>\n\t\t<div class=\"elementor-element elementor-element-9d335b8 e-grid e-con-full e-con e-parent\" data-id=\"9d335b8\" data-element_type=\"container\" data-e-type=\"container\">\n\t\t\t\t<div class=\"elementor-element elementor-element-1b965ea elementor-position-top elementor-widget elementor-widget-image-box\" data-id=\"1b965ea\" data-element_type=\"widget\" data-e-type=\"widget\" data-widget_type=\"image-box.default\">\n\t\t\t\t<div class=\"elementor-widget-container\">\n\t\t\t\t\t<div class=\"elementor-image-box-wrapper\"><figure class=\"elementor-image-box-img\"><img decoding=\"async\" width=\"768\" height=\"768\" src=\"https:\/\/www.puolalanommel.fi\/wp-content\/uploads\/2023\/07\/Before-after-minimal-skincare-Instagram-post-768x768.jpg\" class=\"attachment-medium_large size-medium_large wp-image-111\" alt=\"\" srcset=\"https:\/\/www.puolalanommel.fi\/wp-content\/uploads\/2023\/07\/Before-after-minimal-skincare-Instagram-post-768x768.jpg 768w, https:\/\/www.puolalanommel.fi\/wp-content\/uploads\/2023\/07\/Before-after-minimal-skincare-Instagram-post-300x300.jpg 300w, https:\/\/www.puolalanommel.fi\/wp-content\/uploads\/2023\/07\/Before-after-minimal-skincare-Instagram-post-1024x1024.jpg 1024w, https:\/\/www.puolalanommel.fi\/wp-content\/uploads\/2023\/07\/Before-after-minimal-skincare-Instagram-post-150x150.jpg 150w, https:\/\/www.puolalanommel.fi\/wp-content\/uploads\/2023\/07\/Before-after-minimal-skincare-Instagram-post.jpg 1080w\" sizes=\"(max-width: 768px) 100vw, 768px\" \/><\/figure><div class=\"elementor-image-box-content\"><h3 class=\"elementor-image-box-title\">Korjausompelu<\/h3><p class=\"elementor-image-box-description\">Korjausompelupalvelut kuluttajille ja yrityksille.<br>Mm. lahkeiden lyhennykset,hihojen ja helmojen lyhennykset, reikien paikkaukset ja vetoketjujen vaihdot.<\/p><\/div><\/div>\t\t\t\t<\/div>\n\t\t\t\t<\/div>\n\t\t\t\t<div class=\"elementor-element elementor-element-405f94e elementor-position-top elementor-widget elementor-widget-image-box\" data-id=\"405f94e\" data-element_type=\"widget\" data-e-type=\"widget\" data-widget_type=\"image-box.default\">\n\t\t\t\t<div class=\"elementor-widget-container\">\n\t\t\t\t\t<div class=\"elementor-image-box-wrapper\"><figure class=\"elementor-image-box-img\"><img decoding=\"async\" width=\"800\" height=\"473\" src=\"https:\/\/www.puolalanommel.fi\/wp-content\/uploads\/2023\/07\/8316987-1024x605.jpg\" class=\"attachment-large size-large wp-image-117\" alt=\"\" srcset=\"https:\/\/www.puolalanommel.fi\/wp-content\/uploads\/2023\/07\/8316987-1024x605.jpg 1024w, https:\/\/www.puolalanommel.fi\/wp-content\/uploads\/2023\/07\/8316987-300x177.jpg 300w, https:\/\/www.puolalanommel.fi\/wp-content\/uploads\/2023\/07\/8316987-768x454.jpg 768w, https:\/\/www.puolalanommel.fi\/wp-content\/uploads\/2023\/07\/8316987.jpg 1440w\" sizes=\"(max-width: 800px) 100vw, 800px\" \/><\/figure><div class=\"elementor-image-box-content\"><h3 class=\"elementor-image-box-title\">Kunniamerkki-palvelu<\/h3><p class=\"elementor-image-box-description\">Valtiollisten ja j\u00e4rjest\u00f6jen kunniamerkkien ompeluty\u00f6t.<\/p><\/div><\/div>\t\t\t\t<\/div>\n\t\t\t\t<\/div>\n\t\t\t\t<div class=\"elementor-element elementor-element-7a15f6b elementor-position-top elementor-widget elementor-widget-image-box\" data-id=\"7a15f6b\" data-element_type=\"widget\" data-e-type=\"widget\" data-widget_type=\"image-box.default\">\n\t\t\t\t<div class=\"elementor-widget-container\">\n\t\t\t\t\t<div class=\"elementor-image-box-wrapper\"><figure class=\"elementor-image-box-img\"><img loading=\"lazy\" decoding=\"async\" width=\"768\" height=\"1024\" src=\"https:\/\/www.puolalanommel.fi\/wp-content\/uploads\/2023\/07\/IMG-20230228-WA0025.jpg\" class=\"attachment-medium_large size-medium_large wp-image-116\" alt=\"\" srcset=\"https:\/\/www.puolalanommel.fi\/wp-content\/uploads\/2023\/07\/IMG-20230228-WA0025.jpg 768w, https:\/\/www.puolalanommel.fi\/wp-content\/uploads\/2023\/07\/IMG-20230228-WA0025-225x300.jpg 225w\" sizes=\"(max-width: 768px) 100vw, 768px\" \/><\/figure><div class=\"elementor-image-box-content\"><h3 class=\"elementor-image-box-title\">Mittatilausty\u00f6t<\/h3><p class=\"elementor-image-box-description\">Mittatilausvaatteita toiveittesi ja mittojesi mukaan. Asut arkeen ja juhlaan.<\/p><\/div><\/div>\t\t\t\t<\/div>\n\t\t\t\t<\/div>\n\t\t\t\t<div class=\"elementor-element elementor-element-bd74299 elementor-align-justify elementor-widget__width-inherit elementor-absolute elementor-invisible elementor-widget elementor-widget-button\" data-id=\"bd74299\" data-element_type=\"widget\" data-e-type=\"widget\" data-settings=\"{&quot;_animation&quot;:&quot;fadeInDown&quot;,&quot;_position&quot;:&quot;absolute&quot;}\" data-widget_type=\"button.default\">\n\t\t\t\t<div class=\"elementor-widget-container\">\n\t\t\t\t\t\t\t\t\t<div class=\"elementor-button-wrapper\">\n\t\t\t\t\t<a class=\"elementor-button elementor-button-link elementor-size-md elementor-animation-pulse-grow\" href=\"https:\/\/www.puolalanommel.fi\/?page_id=23\">\n\t\t\t\t\t\t<span class=\"elementor-button-content-wrapper\">\n\t\t\t\t\t\t\t\t\t<span class=\"elementor-button-text\">HINNASTOT<\/span>\n\t\t\t\t\t<\/span>\n\t\t\t\t\t<\/a>\n\t\t\t\t<\/div>\n\t\t\t\t\t\t\t\t<\/div>\n\t\t\t\t<\/div>\n\t\t\t\t<\/div>\n\t\t\t\t<\/div>\n\t\t","protected":false},"excerpt":{"rendered":"<p>Puolalan Ommel Korjausompelua, mittatilausasuja ja kunniamerkkipalvelua Turun keskustassa. Osoite: Eerikinkatu 9b C 20100 Turku ( Ilmarinhovi, valopihan torinpuoleinen k\u00e4yt\u00e4v\u00e4. K\u00e4ynti Eerikinkadun kautta ). Avoinna ark. ti-pe klo 9-17 la klo 10-14 Puh. 044 240 41 46 info@puolalanommel.fi Facebook Instagram OTA YHTEYTT\u00c4 Korjausompelu Korjausompelupalvelut kuluttajille ja yrityksille.Mm. lahkeiden lyhennykset,hihojen ja helmojen lyhennykset, reikien paikkaukset ja vetoketjujen [&hellip;]<\/p>\n","protected":false},"author":1,"featured_media":0,"parent":0,"menu_order":0,"comment_status":"closed","ping_status":"closed","template":"elementor_header_footer","meta":{"footnotes":""},"class_list":["post-33","page","type-page","status-publish","hentry"],"_links":{"self":[{"href":"https:\/\/www.puolalanommel.fi\/index.php?rest_route=\/wp\/v2\/pages\/33","targetHints":{"allow":["GET"]}}],"collection":[{"href":"https:\/\/www.puolalanommel.fi\/index.php?rest_route=\/wp\/v2\/pages"}],"about":[{"href":"https:\/\/www.puolalanommel.fi\/index.php?rest_route=\/wp\/v2\/types\/page"}],"author":[{"embeddable":true,"href":"https:\/\/www.puolalanommel.fi\/index.php?rest_route=\/wp\/v2\/users\/1"}],"replies":[{"embeddable":true,"href":"https:\/\/www.puolalanommel.fi\/index.php?rest_route=%2Fwp%2Fv2%2Fcomments&post=33"}],"version-history":[{"count":137,"href":"https:\/\/www.puolalanommel.fi\/index.php?rest_route=\/wp\/v2\/pages\/33\/revisions"}],"predecessor-version":[{"id":417,"href":"https:\/\/www.puolalanommel.fi\/index.php?rest_route=\/wp\/v2\/pages\/33\/revisions\/417"}],"wp:attachment":[{"href":"https:\/\/www.puolalanommel.fi\/index.php?rest_route=%2Fwp%2Fv2%2Fmedia&parent=33"}],"curies":[{"name":"wp","href":"https:\/\/api.w.org\/{rel}","templated":true}]}}