{"id":23,"date":"2023-07-28T16:37:43","date_gmt":"2023-07-28T16:37:43","guid":{"rendered":"http:\/\/www.puolalanommel.fi\/?page_id=23"},"modified":"2025-11-01T11:00:10","modified_gmt":"2025-11-01T11:00:10","slug":"services","status":"publish","type":"page","link":"https:\/\/www.puolalanommel.fi\/?page_id=23","title":{"rendered":"Services"},"content":{"rendered":"\t\t<div data-elementor-type=\"wp-page\" data-elementor-id=\"23\" class=\"elementor elementor-23\">\n\t\t\t\t<div class=\"elementor-element elementor-element-e87b5ae e-flex e-con-boxed e-con e-parent\" data-id=\"e87b5ae\" data-element_type=\"container\" data-e-type=\"container\">\n\t\t\t\t\t<div class=\"e-con-inner\">\n\t\t\t\t<div class=\"elementor-element elementor-element-dbd6ee0 elementor-widget elementor-widget-heading\" data-id=\"dbd6ee0\" data-element_type=\"widget\" data-e-type=\"widget\" data-widget_type=\"heading.default\">\n\t\t\t\t<div class=\"elementor-widget-container\">\n\t\t\t\t\t<h2 class=\"elementor-heading-title elementor-size-default\">Hinnasto<\/h2>\t\t\t\t<\/div>\n\t\t\t\t<\/div>\n\t\t\t\t<div class=\"elementor-element elementor-element-0e36667 elementor-widget-divider--view-line elementor-widget elementor-widget-divider\" data-id=\"0e36667\" data-element_type=\"widget\" data-e-type=\"widget\" data-widget_type=\"divider.default\">\n\t\t\t\t<div class=\"elementor-widget-container\">\n\t\t\t\t\t\t\t<div class=\"elementor-divider\">\n\t\t\t<span class=\"elementor-divider-separator\">\n\t\t\t\t\t\t<\/span>\n\t\t<\/div>\n\t\t\t\t\t\t<\/div>\n\t\t\t\t<\/div>\n\t\t\t\t\t<\/div>\n\t\t\t\t<\/div>\n\t\t<div class=\"elementor-element elementor-element-30f8a50 e-flex e-con-boxed e-con e-parent\" data-id=\"30f8a50\" data-element_type=\"container\" data-e-type=\"container\">\n\t\t\t\t\t<div class=\"e-con-inner\">\n\t\t\t\t<div class=\"elementor-element elementor-element-202a6dc elementor-widget elementor-widget-heading\" data-id=\"202a6dc\" data-element_type=\"widget\" data-e-type=\"widget\" data-widget_type=\"heading.default\">\n\t\t\t\t<div class=\"elementor-widget-container\">\n\t\t\t\t\t<h2 class=\"elementor-heading-title elementor-size-medium\">Korjausompelu <\/h2>\t\t\t\t<\/div>\n\t\t\t\t<\/div>\n\t\t\t\t<div class=\"elementor-element elementor-element-f929dab elementor-widget elementor-widget-text-editor\" data-id=\"f929dab\" data-element_type=\"widget\" data-e-type=\"widget\" data-widget_type=\"text-editor.default\">\n\t\t\t\t<div class=\"elementor-widget-container\">\n\t\t\t\t\t\t\t\t\t<ul><li><h6><strong>Hinnat ovat alkaen- hintoja, lopulliseen hintaan vaikuttaa valitut tekniset ratkaisut, materiaalit ja toivottu lopputulos. T\u00f6ist\u00e4 saa j\u00e4tett\u00e4ess\u00e4 suullisen hinta-arvion. Puhelimitse en anna sitovia hinta-arvioita.<\/strong><\/h6><\/li><li>Kaikki hinnat sis\u00e4lt\u00e4v\u00e4t alv. 25,5% , y- tunnus 1978627-7.<\/li><li>Toimitusaika vaihtelee, tyypillisin aika on 2-3 viikkoa korjausompeluissa, 4-6 viikkoa mittatilaust\u00f6iss\u00e4.<\/li><li>Kiirety\u00f6t tapauskohtaisesti, listahinta + 50%.<\/li><li>En ty\u00f6st\u00e4 lainkaan turkista, paksua nahkaa tai sisustusompeluita.<\/li><\/ul>\t\t\t\t\t\t\t\t<\/div>\n\t\t\t\t<\/div>\n\t\t\t\t\t<\/div>\n\t\t\t\t<\/div>\n\t\t<div class=\"elementor-element elementor-element-3e68dde e-flex e-con-boxed e-con e-parent\" data-id=\"3e68dde\" data-element_type=\"container\" data-e-type=\"container\">\n\t\t\t\t\t<div class=\"e-con-inner\">\n\t\t\t\t<div class=\"elementor-element elementor-element-ef74a8c elementor-widget elementor-widget-text-editor\" data-id=\"ef74a8c\" data-element_type=\"widget\" data-e-type=\"widget\" data-widget_type=\"text-editor.default\">\n\t\t\t\t<div class=\"elementor-widget-container\">\n\t\t\t\t\t\t\t\t\t<p><strong>Housut<\/strong><\/p><ul><li>Lahkeiden lyhennys farkku \/ suora housu &#8211; &#8211; &#8211; 18 \u20ac \/ 24\u20ac<\/li><li>Lahkeiden pidennys sis.\u00a0 varastomateriaali &#8212; 25\u20ac.<\/li><li>Vy\u00f6t\u00e4r\u00f6n kavennus \/ p\u00e4\u00e4st\u00f6 takasaumasta ( suorat housut ) &#8211; &#8211; &#8211; 26\u20ac<\/li><li>Vy\u00f6t\u00e4r\u00f6n kavennus takasaumasta ( farkku ) &#8212; 32\u20ac<\/li><li>Lahkeiden kavennus per sauma suora housu \/ farkku &#8211; &#8211; &#8211; 10\u20ac \/ 12\u20ac ( molemmat lahkeet molemmin puolin 40\u20ac \/ 48\u20ac )<\/li><li>Vetoketjun vaihto sis. varastoketjun &#8211; &#8211; &#8211; 28\u20ac<\/li><li>Repe\u00e4m\u00e4n \/ rei\u00e4n korjaus &#8211; &#8211; &#8211; 10\u20ac<\/li><li>Farkkunapin laitto sis. nappi ja rei\u00e4n korjaus &#8212; 10\u20ac<\/li><li>Napin \/ nepparin \/ hakasen ompelu, painonapin laitto &#8212; 5\u20ac.<\/li><\/ul>\t\t\t\t\t\t\t\t<\/div>\n\t\t\t\t<\/div>\n\t\t\t\t<div class=\"elementor-element elementor-element-21d20db elementor-widget elementor-widget-text-editor\" data-id=\"21d20db\" data-element_type=\"widget\" data-e-type=\"widget\" data-widget_type=\"text-editor.default\">\n\t\t\t\t<div class=\"elementor-widget-container\">\n\t\t\t\t\t\t\t\t\t<p><strong>Yl\u00e4osat<\/strong><\/p><ul><li>Helman lyhennys &#8211; &#8211; &#8211; 25\u20ac<\/li><li>Hihojen lyhennys &#8211; &#8211; &#8211; 23\u20ac<\/li><li>Pikkutakin hihojen lyhennys sis. nappien siirto- &#8211; &#8211; 48\u20ac<\/li><li>Kauluspaidan hihojen lyhennys mansetin ja nappihalkion\u00a0 siirrolla &#8211; &#8211; &#8211; 32\u20ac<\/li><li>Kavennus sivusaumoista &#8211; &#8211; &#8211; 26\u20ac<\/li><li>Muotolaskos\u00a0 &#8211; &#8211; &#8211; 5\u20ac\/ kpl<\/li><li>Napin, nepin tai hakasen ompelu &#8211; &#8211; &#8211; 5\u20ac\/kpl<\/li><li>Vuoren muutokset +10\u20ac<\/li><\/ul>\t\t\t\t\t\t\t\t<\/div>\n\t\t\t\t<\/div>\n\t\t\t\t<div class=\"elementor-element elementor-element-499fa1d elementor-widget elementor-widget-text-editor\" data-id=\"499fa1d\" data-element_type=\"widget\" data-e-type=\"widget\" data-widget_type=\"text-editor.default\">\n\t\t\t\t<div class=\"elementor-widget-container\">\n\t\t\t\t\t\t\t\t\t<p><strong>Hame \/ mekko<\/strong><\/p><ul><li>Helman lyhennys &#8211; &#8211; &#8211; 25\u20ac<\/li><li>Kavennus sivusaumoista &#8211; &#8211; &#8211; 26\u20ac<\/li><li>Kavennus vy\u00f6t\u00e4r\u00f6lt\u00e4 &#8211; &#8211; &#8211; 30\u20ac<\/li><li>Vetoketjun vaihto, vuoreton vaate sis. varastoketjun &#8211; &#8211; &#8211; 32\u20ac<\/li><li>Vetoketjun vaihto, vuorellinen vaate sis. varastoketjun &#8212; 38\u20ac<\/li><li>Vuoren muutokset +10\u20ac<\/li><\/ul>\t\t\t\t\t\t\t\t<\/div>\n\t\t\t\t<\/div>\n\t\t\t\t<div class=\"elementor-element elementor-element-3cf70ed elementor-widget elementor-widget-text-editor\" data-id=\"3cf70ed\" data-element_type=\"widget\" data-e-type=\"widget\" data-widget_type=\"text-editor.default\">\n\t\t\t\t<div class=\"elementor-widget-container\">\n\t\t\t\t\t\t\t\t\t<p><strong>Ulkovaatteet<\/strong><\/p><ul><li>Hihojen lyhennys, vuorillinen &#8211; &#8211; &#8211; 40\u20ac<\/li><li>Helman lyhennys, vuorillinen &#8211; &#8211; &#8211; 50\u20ac<\/li><li>Taskupussin vaihto &#8211; &#8211; &#8211; 30\u20ac<\/li><li>Taskun vetoketjun vaihto sis. varastoketjun &#8212; 30\u20ac<\/li><li>Vetoketjun vaihto sis. varastoketjun &lt; 100cm- &#8211; &#8211; 55\u20ac<\/li><li>Vetoketjun vaihto sis. varastoketjun &gt; 100cm &#8212; 65\u20ac<\/li><li>Opiskelijahaalareiden merkkien ompelu &#8211; &#8211; &#8211; 4\u20ac\/ merkki<\/li><li>Rei\u00e4n tai repe\u00e4m\u00e4n korjaus &#8212; 15\u20ac<\/li><\/ul>\t\t\t\t\t\t\t\t<\/div>\n\t\t\t\t<\/div>\n\t\t\t\t<div class=\"elementor-element elementor-element-68322cd elementor-widget elementor-widget-text-editor\" data-id=\"68322cd\" data-element_type=\"widget\" data-e-type=\"widget\" data-widget_type=\"text-editor.default\">\n\t\t\t\t<div class=\"elementor-widget-container\">\n\t\t\t\t\t\t\t\t\t<p><strong>Iltapuvut \/ h\u00e4\u00e4puvut \/ vanhojentanssipuvut<\/strong><\/p><ul><li>Helman lyhennys 1-kerroksinen puku &#8211; &#8211; &#8211; 45\u20ac<\/li><li>Helman lyhennys 2-kerroksinen puku &#8211; &#8211; &#8211; 55\u20ac<\/li><li>Tyllikerroksen lyhennys \/ kpl &#8211; &#8211; &#8211; + 20\u20ac<\/li><li>Kangaskerroksen lyhennys \/ kpl &#8211; &#8211; &#8211; + 20\u20ac<\/li><li>Yl\u00e4osan kavennus \/ levennys\u00a0 ( ei sis. materiaalia )- &#8211; &#8211; 30 \/ 40\u20ac<\/li><li>Strassitetun puvun yl\u00e4osan kavennus sivusaumoista &#8212; 60\u20ac<\/li><li>Olkainten lyhennys kapea \/ leve\u00e4- &#8211; &#8211; 25\u20ac \/ 35\u20ac<\/li><\/ul><div>\u00a0<\/div>\t\t\t\t\t\t\t\t<\/div>\n\t\t\t\t<\/div>\n\t\t\t\t<div class=\"elementor-element elementor-element-e6b91d0 elementor-widget elementor-widget-heading\" data-id=\"e6b91d0\" data-element_type=\"widget\" data-e-type=\"widget\" data-widget_type=\"heading.default\">\n\t\t\t\t<div class=\"elementor-widget-container\">\n\t\t\t\t\t<h2 class=\"elementor-heading-title elementor-size-default\">Mittatilausty\u00f6t<\/h2>\t\t\t\t<\/div>\n\t\t\t\t<\/div>\n\t\t\t\t<div class=\"elementor-element elementor-element-73952ac elementor-widget elementor-widget-text-editor\" data-id=\"73952ac\" data-element_type=\"widget\" data-e-type=\"widget\" data-widget_type=\"text-editor.default\">\n\t\t\t\t<div class=\"elementor-widget-container\">\n\t\t\t\t\t\t\t\t\t<p>Valmistan p\u00e4\u00e4asiassa naisille mittatilausasuja sek\u00e4 asiakkaan omista ett\u00e4 kauttani hankituista kankaista. Teett\u00e4mist\u00e4 harkitessa on hyv\u00e4 olla esim. referenssikuvia tai ajatuksia mink\u00e4lainen asu voisi olla.\u00a0<\/p><p>Alla n\u00e4et kuvia joistakin valmistamistani asuista, olen valmistunut vaatturiksi vuonna 2007 Turun ammatti-instituutista ja vuonna 2017 ompelijakis\u00e4lliksi Suomen Yritt\u00e4j\u00e4opistosta. Yritt\u00e4j\u00e4n\u00e4 olen toiminut vuodesta 2018.<\/p><p>Ota rohkeasti yhteytt\u00e4 mittatilausasioissa, tyypillisesti asun valmistamiseen tulee varata n. 4-6 vkoa ennen ko. tilaisuutta.<\/p>\t\t\t\t\t\t\t\t<\/div>\n\t\t\t\t<\/div>\n\t\t\t\t<div class=\"elementor-element elementor-element-d551152 elementor-arrows-position-inside elementor-pagination-position-outside elementor-widget elementor-widget-image-carousel\" data-id=\"d551152\" data-element_type=\"widget\" data-e-type=\"widget\" data-settings=\"{&quot;navigation&quot;:&quot;both&quot;,&quot;autoplay&quot;:&quot;yes&quot;,&quot;pause_on_hover&quot;:&quot;yes&quot;,&quot;pause_on_interaction&quot;:&quot;yes&quot;,&quot;autoplay_speed&quot;:5000,&quot;infinite&quot;:&quot;yes&quot;,&quot;speed&quot;:500}\" data-widget_type=\"image-carousel.default\">\n\t\t\t\t<div class=\"elementor-widget-container\">\n\t\t\t\t\t\t\t<div class=\"elementor-image-carousel-wrapper swiper\" role=\"region\" aria-roledescription=\"carousel\" aria-label=\"Kuvakaruselli\" dir=\"ltr\">\n\t\t\t<div class=\"elementor-image-carousel swiper-wrapper\" aria-live=\"off\">\n\t\t\t\t\t\t\t\t<div class=\"swiper-slide\" role=\"group\" aria-roledescription=\"slide\" aria-label=\"1 of 10\"><figure class=\"swiper-slide-inner\"><img decoding=\"async\" class=\"swiper-slide-image\" src=\"https:\/\/www.puolalanommel.fi\/wp-content\/uploads\/2023\/09\/IMG-20230228-WA0000-225x300.jpg\" alt=\"IMG-20230228-WA0000\" \/><\/figure><\/div><div class=\"swiper-slide\" role=\"group\" aria-roledescription=\"slide\" aria-label=\"2 of 10\"><figure class=\"swiper-slide-inner\"><img decoding=\"async\" class=\"swiper-slide-image\" src=\"https:\/\/www.puolalanommel.fi\/wp-content\/uploads\/2023\/09\/IMG-20230228-WA0009-225x300.jpg\" alt=\"IMG-20230228-WA0009\" \/><\/figure><\/div><div class=\"swiper-slide\" role=\"group\" aria-roledescription=\"slide\" aria-label=\"3 of 10\"><figure class=\"swiper-slide-inner\"><img decoding=\"async\" class=\"swiper-slide-image\" src=\"https:\/\/www.puolalanommel.fi\/wp-content\/uploads\/2023\/09\/IMG-20230228-WA0016-225x300.jpg\" alt=\"IMG-20230228-WA0016\" \/><\/figure><\/div><div class=\"swiper-slide\" role=\"group\" aria-roledescription=\"slide\" aria-label=\"4 of 10\"><figure class=\"swiper-slide-inner\"><img decoding=\"async\" class=\"swiper-slide-image\" src=\"https:\/\/www.puolalanommel.fi\/wp-content\/uploads\/2023\/09\/IMG-20230228-WA0025-225x300.jpg\" alt=\"IMG-20230228-WA0025\" \/><\/figure><\/div><div class=\"swiper-slide\" role=\"group\" aria-roledescription=\"slide\" aria-label=\"5 of 10\"><figure class=\"swiper-slide-inner\"><img decoding=\"async\" class=\"swiper-slide-image\" src=\"https:\/\/www.puolalanommel.fi\/wp-content\/uploads\/2023\/09\/IMG-20230228-WA0026-225x300.jpg\" alt=\"IMG-20230228-WA0026\" \/><\/figure><\/div><div class=\"swiper-slide\" role=\"group\" aria-roledescription=\"slide\" aria-label=\"6 of 10\"><figure class=\"swiper-slide-inner\"><img decoding=\"async\" class=\"swiper-slide-image\" src=\"https:\/\/www.puolalanommel.fi\/wp-content\/uploads\/2023\/09\/IMG-20230228-WA0020-225x300.jpg\" alt=\"IMG-20230228-WA0020\" \/><\/figure><\/div><div class=\"swiper-slide\" role=\"group\" aria-roledescription=\"slide\" aria-label=\"7 of 10\"><figure class=\"swiper-slide-inner\"><img decoding=\"async\" class=\"swiper-slide-image\" src=\"https:\/\/www.puolalanommel.fi\/wp-content\/uploads\/2023\/09\/IMG-20230228-WA0019-225x300.jpg\" alt=\"IMG-20230228-WA0019\" \/><\/figure><\/div><div class=\"swiper-slide\" role=\"group\" aria-roledescription=\"slide\" aria-label=\"8 of 10\"><figure class=\"swiper-slide-inner\"><img decoding=\"async\" class=\"swiper-slide-image\" src=\"https:\/\/www.puolalanommel.fi\/wp-content\/uploads\/2023\/09\/IMG-20230228-WA0017-225x300.jpg\" alt=\"IMG-20230228-WA0017\" \/><\/figure><\/div><div class=\"swiper-slide\" role=\"group\" aria-roledescription=\"slide\" aria-label=\"9 of 10\"><figure class=\"swiper-slide-inner\"><img decoding=\"async\" class=\"swiper-slide-image\" src=\"https:\/\/www.puolalanommel.fi\/wp-content\/uploads\/2023\/09\/IMG-20230228-WA0018-225x300.jpg\" alt=\"IMG-20230228-WA0018\" \/><\/figure><\/div><div class=\"swiper-slide\" role=\"group\" aria-roledescription=\"slide\" aria-label=\"10 of 10\"><figure class=\"swiper-slide-inner\"><img decoding=\"async\" class=\"swiper-slide-image\" src=\"https:\/\/www.puolalanommel.fi\/wp-content\/uploads\/2023\/09\/IMG-20230228-WA0024-225x300.jpg\" alt=\"IMG-20230228-WA0024\" \/><\/figure><\/div>\t\t\t<\/div>\n\t\t\t\t\t\t\t\t\t\t\t\t<div class=\"elementor-swiper-button elementor-swiper-button-prev\" role=\"button\" tabindex=\"0\">\n\t\t\t\t\t\t<svg aria-hidden=\"true\" class=\"e-font-icon-svg e-eicon-chevron-left\" viewBox=\"0 0 1000 1000\" xmlns=\"http:\/\/www.w3.org\/2000\/svg\"><path d=\"M646 125C629 125 613 133 604 142L308 442C296 454 292 471 292 487 292 504 296 521 308 533L604 854C617 867 629 875 646 875 663 875 679 871 692 858 704 846 713 829 713 812 713 796 708 779 692 767L438 487 692 225C700 217 708 204 708 187 708 171 704 154 692 142 675 129 663 125 646 125Z\"><\/path><\/svg>\t\t\t\t\t<\/div>\n\t\t\t\t\t<div class=\"elementor-swiper-button elementor-swiper-button-next\" role=\"button\" tabindex=\"0\">\n\t\t\t\t\t\t<svg aria-hidden=\"true\" class=\"e-font-icon-svg e-eicon-chevron-right\" viewBox=\"0 0 1000 1000\" xmlns=\"http:\/\/www.w3.org\/2000\/svg\"><path d=\"M696 533C708 521 713 504 713 487 713 471 708 454 696 446L400 146C388 133 375 125 354 125 338 125 325 129 313 142 300 154 292 171 292 187 292 204 296 221 308 233L563 492 304 771C292 783 288 800 288 817 288 833 296 850 308 863 321 871 338 875 354 875 371 875 388 867 400 854L696 533Z\"><\/path><\/svg>\t\t\t\t\t<\/div>\n\t\t\t\t\n\t\t\t\t\t\t\t\t\t<div class=\"swiper-pagination\"><\/div>\n\t\t\t\t\t\t\t\t\t<\/div>\n\t\t\t\t\t\t<\/div>\n\t\t\t\t<\/div>\n\t\t\t\t<div class=\"elementor-element elementor-element-14d3b9b elementor-widget elementor-widget-text-editor\" data-id=\"14d3b9b\" data-element_type=\"widget\" data-e-type=\"widget\" data-widget_type=\"text-editor.default\">\n\t\t\t\t<div class=\"elementor-widget-container\">\n\t\t\t\t\t\t\t\t\t<p><strong>Mittatilaushinnasto <\/strong>(vain ty\u00f6n osuus, materiaalit laskutetaan erikseen)<\/p><ul><li>Polvimittainen, vuorillinen kotelomekko, hihaton,\u00a0 ns. pikkumusta &#8211; &#8211; &#8211; alk. 220\u20ac<\/li><li>Polvimittainen, vuorillinen puolihame &#8211; &#8211; &#8211; alk. 180\u20ac<\/li><li>Housut, vy\u00f6t\u00e4r\u00f6kaitale, vetoketjusepalus, taskuton &#8211; &#8211; &#8211; alk. 180\u20ac<\/li><li>Pusero, vuoriton, kaulukseton &#8211; &#8211; &#8211; alk. 100\u20ac<\/li><li>Joustava tunika \/ mekko, taskuton, kaulukseton &#8211; &#8211; &#8211; alk. 90\u20ac<\/li><li>Jakku, vuorillinen, kauluksellinen, taskullinen &#8211; &#8211; &#8211; alk. 300\u20ac<\/li><li>H\u00e4\u00e4puvut, pitk\u00e4t juhlapuvut, vanhojentanssipuvut &#8211; &#8211; &#8211; alk. 350\u20ac<\/li><\/ul><div>\u00a0<\/div>\t\t\t\t\t\t\t\t<\/div>\n\t\t\t\t<\/div>\n\t\t\t\t<div class=\"elementor-element elementor-element-62bf509 elementor-widget elementor-widget-heading\" data-id=\"62bf509\" data-element_type=\"widget\" data-e-type=\"widget\" data-widget_type=\"heading.default\">\n\t\t\t\t<div class=\"elementor-widget-container\">\n\t\t\t\t\t<h2 class=\"elementor-heading-title elementor-size-default\">Kunniamerkit<\/h2>\t\t\t\t<\/div>\n\t\t\t\t<\/div>\n\t\t\t\t\t<\/div>\n\t\t\t\t<\/div>\n\t\t<div class=\"elementor-element elementor-element-a075345 e-flex e-con-boxed e-con e-parent\" data-id=\"a075345\" data-element_type=\"container\" data-e-type=\"container\">\n\t\t\t\t\t<div class=\"e-con-inner\">\n\t\t\t\t<div class=\"elementor-element elementor-element-97d78b6 elementor-widget elementor-widget-text-editor\" data-id=\"97d78b6\" data-element_type=\"widget\" data-e-type=\"widget\" data-widget_type=\"text-editor.default\">\n\t\t\t\t<div class=\"elementor-widget-container\">\n\t\t\t\t\t\t\t\t\t<p>Kauttani on mahdollista tilata kunniamerkkinauhoja ja kannakkeita sek\u00e4 ompeluttaa merkkej\u00e4 kannakkeisiin. Varastossa vaihteleva m\u00e4\u00e4r\u00e4 erilaisia kannakkeita.<\/p><p>Kunniamerkeiss\u00e4 toimitus usein mahdollista p\u00e4iviss\u00e4.<\/p>\t\t\t\t\t\t\t\t<\/div>\n\t\t\t\t<\/div>\n\t\t\t\t\t<\/div>\n\t\t\t\t<\/div>\n\t\t<div class=\"elementor-element elementor-element-0ec40de e-flex e-con-boxed e-con e-parent\" data-id=\"0ec40de\" data-element_type=\"container\" data-e-type=\"container\">\n\t\t\t\t\t<div class=\"e-con-inner\">\n\t\t\t\t<div class=\"elementor-element elementor-element-9508531 elementor-widget elementor-widget-text-editor\" data-id=\"9508531\" data-element_type=\"widget\" data-e-type=\"widget\" data-widget_type=\"text-editor.default\">\n\t\t\t\t<div class=\"elementor-widget-container\">\n\t\t\t\t\t\t\t\t\t<p><strong>Kunniamerkkihinnasto<\/strong><\/p><ul><li>Uuden merkin ompelu &#8211; &#8211; &#8211; 14\u20ac \/ kpl<\/li><li>Uuden nauhav\u00e4rin ompelu\u00a0 &#8211; &#8211; &#8211; 8\u20ac \/ kpl<\/li><li>Miniatyyrimerkin ompelu &#8211; &#8211; &#8211; 8\u20ac \/ kpl<\/li><li>Vanhojen merkkien siirto &#8211; &#8211; &#8211; 6\u20ac \/ kpl<\/li><li>Kannakkeet kunniamerkkipalvelun hinnaston mukaan.<\/li><\/ul>\t\t\t\t\t\t\t\t<\/div>\n\t\t\t\t<\/div>\n\t\t\t\t\t<\/div>\n\t\t\t\t<\/div>\n\t\t\t\t<\/div>\n\t\t","protected":false},"excerpt":{"rendered":"<p>Hinnasto Korjausompelu Hinnat ovat alkaen- hintoja, lopulliseen hintaan vaikuttaa valitut tekniset ratkaisut, materiaalit ja toivottu lopputulos. T\u00f6ist\u00e4 saa j\u00e4tett\u00e4ess\u00e4 suullisen hinta-arvion. Puhelimitse en anna sitovia hinta-arvioita. Kaikki hinnat sis\u00e4lt\u00e4v\u00e4t alv. 25,5% , y- tunnus 1978627-7. Toimitusaika vaihtelee, tyypillisin aika on 2-3 viikkoa korjausompeluissa, 4-6 viikkoa mittatilaust\u00f6iss\u00e4. Kiirety\u00f6t tapauskohtaisesti, listahinta + 50%. En ty\u00f6st\u00e4 lainkaan turkista, [&hellip;]<\/p>\n","protected":false},"author":1,"featured_media":0,"parent":0,"menu_order":0,"comment_status":"closed","ping_status":"closed","template":"elementor_header_footer","meta":{"footnotes":""},"class_list":["post-23","page","type-page","status-publish","hentry"],"_links":{"self":[{"href":"https:\/\/www.puolalanommel.fi\/index.php?rest_route=\/wp\/v2\/pages\/23","targetHints":{"allow":["GET"]}}],"collection":[{"href":"https:\/\/www.puolalanommel.fi\/index.php?rest_route=\/wp\/v2\/pages"}],"about":[{"href":"https:\/\/www.puolalanommel.fi\/index.php?rest_route=\/wp\/v2\/types\/page"}],"author":[{"embeddable":true,"href":"https:\/\/www.puolalanommel.fi\/index.php?rest_route=\/wp\/v2\/users\/1"}],"replies":[{"embeddable":true,"href":"https:\/\/www.puolalanommel.fi\/index.php?rest_route=%2Fwp%2Fv2%2Fcomments&post=23"}],"version-history":[{"count":45,"href":"https:\/\/www.puolalanommel.fi\/index.php?rest_route=\/wp\/v2\/pages\/23\/revisions"}],"predecessor-version":[{"id":406,"href":"https:\/\/www.puolalanommel.fi\/index.php?rest_route=\/wp\/v2\/pages\/23\/revisions\/406"}],"wp:attachment":[{"href":"https:\/\/www.puolalanommel.fi\/index.php?rest_route=%2Fwp%2Fv2%2Fmedia&parent=23"}],"curies":[{"name":"wp","href":"https:\/\/api.w.org\/{rel}","templated":true}]}}